{"id":21,"date":"2023-08-27T16:00:35","date_gmt":"2023-08-27T21:00:35","guid":{"rendered":"https:\/\/casaancestralsamadhi.com\/?page_id=21"},"modified":"2023-12-22T17:09:31","modified_gmt":"2023-12-22T22:09:31","slug":"elementor-21","status":"publish","type":"page","link":"https:\/\/casaancestralsamadhi.com\/","title":{"rendered":"casa ancestral"},"content":{"rendered":"<style>\/*! elementor - v3.18.0 - 08-12-2023 *\/\n.elementor-widget-image{text-align:center}.elementor-widget-image a{display:inline-block}.elementor-widget-image a img[src$=\".svg\"]{width:48px}.elementor-widget-image img{vertical-align:middle;display:inline-block}<\/style>\n<p>\t\t\t\t\t\t\t\t\t\t\t\t<img loading=\"lazy\" decoding=\"async\" width=\"500\" height=\"500\" src=\"http:\/\/casaancestralsamadhi.com\/wp-content\/uploads\/2023\/09\/processed-removebg-preview.png\" alt=\"\" srcset=\"https:\/\/casaancestralsamadhi.com\/wp-content\/uploads\/2023\/09\/processed-removebg-preview.png 500w, https:\/\/casaancestralsamadhi.com\/wp-content\/uploads\/2023\/09\/processed-removebg-preview-300x300.png 300w, https:\/\/casaancestralsamadhi.com\/wp-content\/uploads\/2023\/09\/processed-removebg-preview-150x150.png 150w\" sizes=\"(max-width: 500px) 100vw, 500px\" \/><br \/>\n\t\t\t\t\tMenu<\/p>\n<nav data-toggle-icon=\"&lt;i aria-hidden=&quot;true&quot; tabindex=&quot;0&quot; class=&quot;fas fa-align-justify&quot;&gt;&lt;\/i&gt;\" data-close-icon=\"&lt;i aria-hidden=&quot;true&quot; tabindex=&quot;0&quot; class=&quot;far fa-window-close&quot;&gt;&lt;\/i&gt;\" data-full-width=\"yes\">\n<ul id=\"menu-1-9526981\">\n<li id=\"menu-item-118\"><a href=\"https:\/\/casaancestralsamadhi.com\" class = \"hfe-menu-item\">Home<\/a><\/li>\n<li id=\"menu-item-119\"><a href=\"https:\/\/casaancestralsamadhi.com\/index.php\/tienda\/\" class = \"hfe-menu-item\">Tienda Ancestral<\/a><\/li>\n<li id=\"menu-item-120\"><a href=\"https:\/\/casaancestralsamadhi.com\/index.php\/instituto-de-formacion\/\" class = \"hfe-menu-item\">Instituto de Formaci\u00f3n<\/a><\/li>\n<li id=\"menu-item-121\"><a href=\"https:\/\/casaancestralsamadhi.com\/index.php\/quienes-somos\/\" class = \"hfe-menu-item\">\u00bfQui\u00e9nes Somos?<\/a><\/li>\n<\/ul>\n<\/nav>\n<style>\/*! elementor - v3.18.0 - 08-12-2023 *\/\n.elementor-heading-title{padding:0;margin:0;line-height:1}.elementor-widget-heading .elementor-heading-title[class*=elementor-size-]>a{color:inherit;font-size:inherit;line-height:inherit}.elementor-widget-heading .elementor-heading-title.elementor-size-small{font-size:15px}.elementor-widget-heading .elementor-heading-title.elementor-size-medium{font-size:19px}.elementor-widget-heading .elementor-heading-title.elementor-size-large{font-size:29px}.elementor-widget-heading .elementor-heading-title.elementor-size-xl{font-size:39px}.elementor-widget-heading .elementor-heading-title.elementor-size-xxl{font-size:59px}<\/style>\n<h2>Nuestro enfoque es brindarte las herramientas para ser <\/h2>\n<p>\t\t\t\t\t.<br \/>\n\t\t\t\t<noscript><br \/>\n\t\t\t\t\tUn Gran Terapeuta.\t\t\t\t<\/noscript><br \/>\n\t\t\t<!-- close .eael-fancy-text-container --><\/p>\n<p><strong>Casa Ancestral Samadhi<\/strong> es mas que un espacio de terapias, es un centro de sanaci\u00f3n, conexi\u00f3n y aprendizaje. <strong>CONEXI\u00d3N CIELO Y TIERRA,<\/strong> Somos un equipo, una familia que se expande cada d\u00eda mas a partir del tejido que se crea mediante las terapias integrales, sabidur\u00eda ancestral y la ense\u00f1anza hol\u00edstica y m\u00e1gica. En nuestro espacio puedes encontrar una amplia gama de productos energ\u00e9ticos, procesos de Sanaci\u00f3n, talleres y formaciones para el ser desde todos los ambitos, tambi\u00e9n encontrar\u00e1s ceremonias y retiros espirituales.<\/p>\n<h2>TIENDA ANCESTRAL<\/h2>\n<p><strong>Casa Ancestral Samadhi<\/strong> es mas que un espacio de terapias, es un centro de sanaci\u00f3n, conexi\u00f3n y aprendizaje. <strong>CONEXI\u00d3N CIELO Y TIERRA,<\/strong> Somos un equipo, una familia que se expande cada d\u00eda mas a partir del tejido que se crea mediante las terapias integrales, sabidur\u00eda ancestral y la ense\u00f1anza hol\u00edstica y m\u00e1gica. En nuestro espacio puedes encontrar una amplia gama de productos energ\u00e9ticos, procesos de Sanaci\u00f3n, talleres y formaciones para el ser desde todos los ambitos, tambi\u00e9n encontrar\u00e1s ceremonias y retiros espirituales.<\/p>\n<h2>Front Title<\/h2>\n<\/p>\n<h2>KURIPE<\/h2>\n<p>Aplicador de Rap\u00e9<\/p>\n<h2>Front Title<\/h2>\n<p>This is front side content.<\/p>\n<h2>SALES<\/h2>\n<p>Tramutaci\u00f3n<\/p>\n<h2>Front Title<\/h2>\n<p>This is front side content.<\/p>\n<h2>SAHUMERIOS<\/h2>\n<p>Limpieza<\/p>\n<h2>Front Title<\/h2>\n<p>This is front side content.<\/p>\n<h2>ESENCIA SAN MIGUEL<\/h2>\n<p>Riego y Depojos<\/p>\n<p>\t\t\t<a href=\"https:\/\/casaancestralsamadhi.com\/index.php\/tienda\/\"><br \/>\n\t\t\t\t\t\tVER MAS<br \/>\n\t\t\t\t\t<\/a><\/p>\n<h2>INSTITUTO DE FORMACI\u00d3N<\/h2>\n<p><strong>Casa Ancestral Samadhi<\/strong> es una instituci\u00f3n integra, que vela porque cada formaci\u00f3n tenga el m\u00e1ximo valor para la experiencia, brindando informaci\u00f3n que te lleve al campo de la vivencia, donde a trav\u00e9s de cada practica en tu, en compa\u00f1eros y pacientes reales aprendas a desarrollar el m\u00e1ximo potencial en tus saberes, capacidades, dones y confianza. Brindamos una variedad extensa de formaciones y procesos de aprendizaje, cada uno con un prop\u00f3sito, proceso y enfoque diferente. Ofrecemos opciones como modalidad presencial, virtual, en ingles o en espa\u00f1ol y en clases pregrabadas.<\/p>\n<p>\t\t\t\t\t\t\t\t\t\t\t\t\t\t\t<img loading=\"lazy\" decoding=\"async\" width=\"150\" height=\"150\" src=\"http:\/\/casaancestralsamadhi.com\/wp-content\/uploads\/2023\/09\/imagen_2023-09-06_105035716-150x150.png\" alt=\"\" srcset=\"https:\/\/casaancestralsamadhi.com\/wp-content\/uploads\/2023\/09\/imagen_2023-09-06_105035716-150x150.png 150w, https:\/\/casaancestralsamadhi.com\/wp-content\/uploads\/2023\/09\/imagen_2023-09-06_105035716-300x300.png 300w, https:\/\/casaancestralsamadhi.com\/wp-content\/uploads\/2023\/09\/imagen_2023-09-06_105035716.png 512w\" sizes=\"(max-width: 150px) 100vw, 150px\" \/>\t\t\t\t\t\t\t\t\t\t\t\t\t\t\t<\/p>\n<h2>Formaci\u00f3n Integral<\/h2>\n<h2><a href=\"https:\/\/casaancestralsamadhi.com\/index.php\/instituto-de-formacion\/\">ANGELOTERAPEUTA Y CANAL ANGELICAL<br \/>\n<\/a><\/h2>\n<p>\t\t\t\t\t\t\t\t\t\t\t\t\t\t\t<img loading=\"lazy\" decoding=\"async\" width=\"150\" height=\"150\" src=\"http:\/\/casaancestralsamadhi.com\/wp-content\/uploads\/2023\/09\/imagen_2023-09-05_155429699-150x150.png\" alt=\"\" srcset=\"https:\/\/casaancestralsamadhi.com\/wp-content\/uploads\/2023\/09\/imagen_2023-09-05_155429699-150x150.png 150w, https:\/\/casaancestralsamadhi.com\/wp-content\/uploads\/2023\/09\/imagen_2023-09-05_155429699-300x300.png 300w, https:\/\/casaancestralsamadhi.com\/wp-content\/uploads\/2023\/09\/imagen_2023-09-05_155429699.png 512w\" sizes=\"(max-width: 150px) 100vw, 150px\" \/>\t\t\t\t\t\t\t\t\t\t\t\t\t\t\t<\/p>\n<h2>Formaci\u00f3n Integral<\/h2>\n<h2><a href=\"https:\/\/casaancestralsamadhi.com\/index.php\/instituto-de-formacion\/\">TERAPEUTA SANADOR DEL SER<\/a><\/h2>\n<p>\t\t\t\t\t\t\t\t\t\t\t\t\t\t\t<img loading=\"lazy\" decoding=\"async\" width=\"150\" height=\"150\" src=\"http:\/\/casaancestralsamadhi.com\/wp-content\/uploads\/2023\/09\/imagen_2023-09-05_155733595-150x150.png\" alt=\"\" srcset=\"https:\/\/casaancestralsamadhi.com\/wp-content\/uploads\/2023\/09\/imagen_2023-09-05_155733595-150x150.png 150w, https:\/\/casaancestralsamadhi.com\/wp-content\/uploads\/2023\/09\/imagen_2023-09-05_155733595-300x300.png 300w, https:\/\/casaancestralsamadhi.com\/wp-content\/uploads\/2023\/09\/imagen_2023-09-05_155733595.png 512w\" sizes=\"(max-width: 150px) 100vw, 150px\" \/>\t\t\t\t\t\t\t\t\t\t\t\t\t\t\t<\/p>\n<h2>Formaci\u00f3n Integral<\/h2>\n<h2><a href=\"https:\/\/casaancestralsamadhi.com\/index.php\/instituto-de-formacion\/\">TERAPEUTA HOL\u00cdSTICO<\/a><\/h2>\n<p>\t\t\t\t\t\t\t\t\t\t\t\t\t\t\t<img loading=\"lazy\" decoding=\"async\" width=\"150\" height=\"150\" src=\"http:\/\/casaancestralsamadhi.com\/wp-content\/uploads\/2023\/09\/imagen_2023-09-06_105313881-150x150.png\" alt=\"\" srcset=\"https:\/\/casaancestralsamadhi.com\/wp-content\/uploads\/2023\/09\/imagen_2023-09-06_105313881-150x150.png 150w, https:\/\/casaancestralsamadhi.com\/wp-content\/uploads\/2023\/09\/imagen_2023-09-06_105313881-300x300.png 300w, https:\/\/casaancestralsamadhi.com\/wp-content\/uploads\/2023\/09\/imagen_2023-09-06_105313881.png 512w\" sizes=\"(max-width: 150px) 100vw, 150px\" \/>\t\t\t\t\t\t\t\t\t\t\t\t\t\t\t<\/p>\n<h2>Formaci\u00f3n Integral<\/h2>\n<h2><a href=\"https:\/\/casaancestralsamadhi.com\/index.php\/instituto-de-formacion\/\">TERAPEUTA CONSTELADOR FAMILIAR<\/a><\/h2>\n<p>\t\t\t\t\t\t\t\t\t\t\t\t\t\t\t<img loading=\"lazy\" decoding=\"async\" width=\"150\" height=\"150\" src=\"http:\/\/casaancestralsamadhi.com\/wp-content\/uploads\/2023\/09\/imagen_2023-09-06_105908308-150x150.png\" alt=\"\" srcset=\"https:\/\/casaancestralsamadhi.com\/wp-content\/uploads\/2023\/09\/imagen_2023-09-06_105908308-150x150.png 150w, https:\/\/casaancestralsamadhi.com\/wp-content\/uploads\/2023\/09\/imagen_2023-09-06_105908308-300x300.png 300w, https:\/\/casaancestralsamadhi.com\/wp-content\/uploads\/2023\/09\/imagen_2023-09-06_105908308.png 512w\" sizes=\"(max-width: 150px) 100vw, 150px\" \/>\t\t\t\t\t\t\t\t\t\t\t\t\t\t\t<\/p>\n<h2>Formaci\u00f3n Integral<\/h2>\n<h2><a href=\"https:\/\/casaancestralsamadhi.com\/index.php\/instituto-de-formacion\/\">BIONEUROEMOCION<\/a><\/h2>\n<p>\t\t\t<a href=\"https:\/\/casaancestralsamadhi.com\/index.php\/instituto-de-formacion\/\" target=\"_blank\" rel=\"noopener\"><br \/>\n\t\t\t\t\t\tVer Mas<br \/>\n\t\t\t\t\t<\/a><\/p>\n<style>\/*! elementor - v3.18.0 - 08-12-2023 *\/\n.elementor-widget-google_maps .elementor-widget-container{overflow:hidden}.elementor-widget-google_maps .elementor-custom-embed{line-height:0}.elementor-widget-google_maps iframe{height:300px}<\/style>\n<p>\t\t\t<iframe loading=\"lazy\"\n\t\t\t\t\tsrc=\"https:\/\/maps.google.com\/maps?q=Carrera%2081%20%23%2026-16%2C%20Belen%20la%20Palma%2C%20Medell%C3%ADn%2C%20Antioquia&#038;t=m&#038;z=10&#038;output=embed&#038;iwloc=near\"\n\t\t\t\t\ttitle=\"Carrera 81 # 26-16, Belen la Palma, Medell\u00edn, Antioquia\"\n\t\t\t\t\taria-label=\"Carrera 81 # 26-16, Belen la Palma, Medell\u00edn, Antioquia\"\n\t\t\t><\/iframe><\/p>\n<h2>CONTACTANOS<\/h2>\n<h2>CASA ANCESTRAL:<\/h2>\n<style>\/*! elementor - v3.18.0 - 08-12-2023 *\/\n.elementor-widget-social-icons.elementor-grid-0 .elementor-widget-container,.elementor-widget-social-icons.elementor-grid-mobile-0 .elementor-widget-container,.elementor-widget-social-icons.elementor-grid-tablet-0 .elementor-widget-container{line-height:1;font-size:0}.elementor-widget-social-icons:not(.elementor-grid-0):not(.elementor-grid-tablet-0):not(.elementor-grid-mobile-0) .elementor-grid{display:inline-grid}.elementor-widget-social-icons .elementor-grid{grid-column-gap:var(--grid-column-gap,5px);grid-row-gap:var(--grid-row-gap,5px);grid-template-columns:var(--grid-template-columns);justify-content:var(--justify-content,center);justify-items:var(--justify-content,center)}.elementor-icon.elementor-social-icon{font-size:var(--icon-size,25px);line-height:var(--icon-size,25px);width:calc(var(--icon-size, 25px) + 2 * var(--icon-padding, .5em));height:calc(var(--icon-size, 25px) + 2 * var(--icon-padding, .5em))}.elementor-social-icon{--e-social-icon-icon-color:#fff;display:inline-flex;background-color:#69727d;align-items:center;justify-content:center;text-align:center;cursor:pointer}.elementor-social-icon i{color:var(--e-social-icon-icon-color)}.elementor-social-icon svg{fill:var(--e-social-icon-icon-color)}.elementor-social-icon:last-child{margin:0}.elementor-social-icon:hover{opacity:.9;color:#fff}.elementor-social-icon-android{background-color:#a4c639}.elementor-social-icon-apple{background-color:#999}.elementor-social-icon-behance{background-color:#1769ff}.elementor-social-icon-bitbucket{background-color:#205081}.elementor-social-icon-codepen{background-color:#000}.elementor-social-icon-delicious{background-color:#39f}.elementor-social-icon-deviantart{background-color:#05cc47}.elementor-social-icon-digg{background-color:#005be2}.elementor-social-icon-dribbble{background-color:#ea4c89}.elementor-social-icon-elementor{background-color:#d30c5c}.elementor-social-icon-envelope{background-color:#ea4335}.elementor-social-icon-facebook,.elementor-social-icon-facebook-f{background-color:#3b5998}.elementor-social-icon-flickr{background-color:#0063dc}.elementor-social-icon-foursquare{background-color:#2d5be3}.elementor-social-icon-free-code-camp,.elementor-social-icon-freecodecamp{background-color:#006400}.elementor-social-icon-github{background-color:#333}.elementor-social-icon-gitlab{background-color:#e24329}.elementor-social-icon-globe{background-color:#69727d}.elementor-social-icon-google-plus,.elementor-social-icon-google-plus-g{background-color:#dd4b39}.elementor-social-icon-houzz{background-color:#7ac142}.elementor-social-icon-instagram{background-color:#262626}.elementor-social-icon-jsfiddle{background-color:#487aa2}.elementor-social-icon-link{background-color:#818a91}.elementor-social-icon-linkedin,.elementor-social-icon-linkedin-in{background-color:#0077b5}.elementor-social-icon-medium{background-color:#00ab6b}.elementor-social-icon-meetup{background-color:#ec1c40}.elementor-social-icon-mixcloud{background-color:#273a4b}.elementor-social-icon-odnoklassniki{background-color:#f4731c}.elementor-social-icon-pinterest{background-color:#bd081c}.elementor-social-icon-product-hunt{background-color:#da552f}.elementor-social-icon-reddit{background-color:#ff4500}.elementor-social-icon-rss{background-color:#f26522}.elementor-social-icon-shopping-cart{background-color:#4caf50}.elementor-social-icon-skype{background-color:#00aff0}.elementor-social-icon-slideshare{background-color:#0077b5}.elementor-social-icon-snapchat{background-color:#fffc00}.elementor-social-icon-soundcloud{background-color:#f80}.elementor-social-icon-spotify{background-color:#2ebd59}.elementor-social-icon-stack-overflow{background-color:#fe7a15}.elementor-social-icon-steam{background-color:#00adee}.elementor-social-icon-stumbleupon{background-color:#eb4924}.elementor-social-icon-telegram{background-color:#2ca5e0}.elementor-social-icon-thumb-tack{background-color:#1aa1d8}.elementor-social-icon-tripadvisor{background-color:#589442}.elementor-social-icon-tumblr{background-color:#35465c}.elementor-social-icon-twitch{background-color:#6441a5}.elementor-social-icon-twitter{background-color:#1da1f2}.elementor-social-icon-viber{background-color:#665cac}.elementor-social-icon-vimeo{background-color:#1ab7ea}.elementor-social-icon-vk{background-color:#45668e}.elementor-social-icon-weibo{background-color:#dd2430}.elementor-social-icon-weixin{background-color:#31a918}.elementor-social-icon-whatsapp{background-color:#25d366}.elementor-social-icon-wordpress{background-color:#21759b}.elementor-social-icon-xing{background-color:#026466}.elementor-social-icon-yelp{background-color:#af0606}.elementor-social-icon-youtube{background-color:#cd201f}.elementor-social-icon-500px{background-color:#0099e5}.elementor-shape-rounded .elementor-icon.elementor-social-icon{border-radius:10%}.elementor-shape-circle .elementor-icon.elementor-social-icon{border-radius:50%}<\/style>\n<p>\t\t\t\t\t<a href=\"https:\/\/www.facebook.com\/people\/Casa-Samadhi-Ancestral\/100063588427930\/?paipv=0&#038;eav=AfZ1jrMZDu6n_5YHfPZmm83nE04JbgwxhIKXkAD18HEmyrC220_2ETL0Kz8897DF8J0&#038;_rdr\" target=\"_blank\" rel=\"noopener\"><br \/>\n\t\t\t\t\t\tFacebook<br \/>\n\t\t\t\t\t\t\t\t\t\t\t<\/a><br \/>\n\t\t\t\t\t<a href=\"https:\/\/www.instagram.com\/casa_ancestral_s\/\" target=\"_blank\" rel=\"noopener\"><br \/>\n\t\t\t\t\t\tInstagram<br \/>\n\t\t\t\t\t\t\t\t\t\t\t<\/a><br \/>\n\t\t\t\t\t<a href=\"https:\/\/wa.me\/573193889777\" target=\"_blank\" rel=\"noopener\"><br \/>\n\t\t\t\t\t\tWhatsapp<br \/>\n\t\t\t\t\t\t\t\t\t\t\t<\/a><\/p>\n<h2>TIENDA ANCESTRAL:<\/h2>\n<p>\t\t\t\t\t<a href=\"https:\/\/www.facebook.com\/people\/Samadhi-Ancestral-Store\/100063565541355\/?paipv=0&#038;eav=AfadFT1W7E6oeXFJyFTmnsdjYlgt8GJYHB2sKQDI2finXdd4ZBqqNOCB_qqBCMkcf2w&#038;_rdr\" target=\"_blank\" rel=\"noopener\"><br \/>\n\t\t\t\t\t\tFacebook<br \/>\n\t\t\t\t\t\t\t\t\t\t\t<\/a><br \/>\n\t\t\t\t\t<a href=\"https:\/\/www.instagram.com\/tienda_ancestrals\/?hl=es-la\" target=\"_blank\" rel=\"noopener\"><br \/>\n\t\t\t\t\t\tInstagram<br \/>\n\t\t\t\t\t\t\t\t\t\t\t<\/a><br \/>\n\t\t\t\t\t<a href=\"https:\/\/wa.me\/573193889777\" target=\"_blank\" rel=\"noopener\"><br \/>\n\t\t\t\t\t\tWhatsapp<br \/>\n\t\t\t\t\t\t\t\t\t\t\t<\/a><\/p>\n<h2>HORARIOS<\/h2>\n<h2>Lunes a s\u00e1bado de 9:00am a 7:00pm<br \/>\n<\/h2>\n<h2>Domingos de 10:00am a 4:00pm<\/h2>\n","protected":false},"excerpt":{"rendered":"<p>Menu Home Tienda Ancestral Instituto de Formaci\u00f3n \u00bfQui\u00e9nes Somos? Nuestro enfoque es brindarte las herramientas para ser . Un Gran Terapeuta. Casa Ancestral Samadhi es mas que un espacio de terapias, es un centro de sanaci\u00f3n, conexi\u00f3n y aprendizaje. CONEXI\u00d3N CIELO Y TIERRA, Somos un equipo, una familia que se expande cada d\u00eda mas a &hellip;<\/p>\n<p class=\"read-more\"> <a class=\"\" href=\"https:\/\/casaancestralsamadhi.com\/\"> <span class=\"screen-reader-text\">casa ancestral<\/span> Read More &raquo;<\/a><\/p>\n","protected":false},"author":1,"featured_media":0,"parent":0,"menu_order":0,"comment_status":"closed","ping_status":"closed","template":"","meta":{"om_disable_all_campaigns":false,"_monsterinsights_skip_tracking":false,"_monsterinsights_sitenote_active":false,"_monsterinsights_sitenote_note":"","_monsterinsights_sitenote_category":0,"site-sidebar-layout":"no-sidebar","site-content-layout":"page-builder","ast-site-content-layout":"","site-content-style":"default","site-sidebar-style":"default","ast-global-header-display":"","ast-banner-title-visibility":"","ast-main-header-display":"","ast-hfb-above-header-display":"","ast-hfb-below-header-display":"","ast-hfb-mobile-header-display":"","site-post-title":"disabled","ast-breadcrumbs-content":"","ast-featured-img":"disabled","footer-sml-layout":"","theme-transparent-header-meta":"","adv-header-id-meta":"","stick-header-meta":"","header-above-stick-meta":"","header-main-stick-meta":"","header-below-stick-meta":"","astra-migrate-meta-layouts":"","footnotes":""},"aioseo_notices":[],"_links":{"self":[{"href":"https:\/\/casaancestralsamadhi.com\/index.php\/wp-json\/wp\/v2\/pages\/21"}],"collection":[{"href":"https:\/\/casaancestralsamadhi.com\/index.php\/wp-json\/wp\/v2\/pages"}],"about":[{"href":"https:\/\/casaancestralsamadhi.com\/index.php\/wp-json\/wp\/v2\/types\/page"}],"author":[{"embeddable":true,"href":"https:\/\/casaancestralsamadhi.com\/index.php\/wp-json\/wp\/v2\/users\/1"}],"replies":[{"embeddable":true,"href":"https:\/\/casaancestralsamadhi.com\/index.php\/wp-json\/wp\/v2\/comments?post=21"}],"version-history":[{"count":182,"href":"https:\/\/casaancestralsamadhi.com\/index.php\/wp-json\/wp\/v2\/pages\/21\/revisions"}],"predecessor-version":[{"id":866,"href":"https:\/\/casaancestralsamadhi.com\/index.php\/wp-json\/wp\/v2\/pages\/21\/revisions\/866"}],"wp:attachment":[{"href":"https:\/\/casaancestralsamadhi.com\/index.php\/wp-json\/wp\/v2\/media?parent=21"}],"curies":[{"name":"wp","href":"https:\/\/api.w.org\/{rel}","templated":true}]}}